{"id":4882,"date":"2021-02-03T11:57:56","date_gmt":"2021-02-03T11:57:56","guid":{"rendered":"https:\/\/primegunseurope.com\/?page_id=4882"},"modified":"2026-03-18T20:54:19","modified_gmt":"2026-03-18T20:54:19","slug":"about-us","status":"publish","type":"page","link":"https:\/\/primegunseurope.com\/pl\/about-us\/","title":{"rendered":"About US"},"content":{"rendered":"<div data-elementor-type=\"wp-page\" data-elementor-id=\"4882\" class=\"elementor elementor-4882\" data-elementor-post-type=\"page\">\n\t\t\t\t\t\t<section class=\"elementor-section elementor-top-section elementor-element elementor-element-43c4a185 elementor-section-content-middle elementor-section-boxed elementor-section-height-default elementor-section-height-default\" data-id=\"43c4a185\" data-element_type=\"section\" data-e-type=\"section\">\n\t\t\t\t\t\t<div class=\"elementor-container elementor-column-gap-no\">\n\t\t\t\t\t<div class=\"elementor-column elementor-col-100 elementor-top-column elementor-element elementor-element-18b1fa7f\" data-id=\"18b1fa7f\" data-element_type=\"column\" data-e-type=\"column\">\n\t\t\t<div class=\"elementor-widget-wrap elementor-element-populated\">\n\t\t\t\t\t\t<div class=\"elementor-element elementor-element-1e13a934 elementor-widget elementor-widget-heading\" data-id=\"1e13a934\" data-element_type=\"widget\" data-e-type=\"widget\" data-widget_type=\"heading.default\">\n\t\t\t\t<div class=\"elementor-widget-container\">\n\t\t\t\t\t<div id=\"ez-toc-container\" class=\"ez-toc-v2_0_81 counter-hierarchy ez-toc-counter ez-toc-grey ez-toc-container-direction\">\n<div class=\"ez-toc-title-container\">\n<p class=\"ez-toc-title\" style=\"cursor:inherit\">Table of Contents<\/p>\n<span class=\"ez-toc-title-toggle\"><a href=\"#\" class=\"ez-toc-pull-right ez-toc-btn ez-toc-btn-xs ez-toc-btn-default ez-toc-toggle\" aria-label=\"Prze\u0142\u0105cznik Spisu Tre\u015bci\"><span class=\"ez-toc-js-icon-con\"><span class=\"\"><span class=\"eztoc-hide\" style=\"display:none;\">Toggle<\/span><span class=\"ez-toc-icon-toggle-span\"><svg style=\"fill: #999;color:#999\" xmlns=\"http:\/\/www.w3.org\/2000\/svg\" class=\"list-377408\" width=\"20px\" height=\"20px\" viewbox=\"0 0 24 24\" fill=\"none\"><path d=\"M6 6H4v2h2V6zm14 0H8v2h12V6zM4 11h2v2H4v-2zm16 0H8v2h12v-2zM4 16h2v2H4v-2zm16 0H8v2h12v-2z\" fill=\"currentColor\"><\/path><\/svg><svg style=\"fill: #999;color:#999\" class=\"arrow-unsorted-368013\" xmlns=\"http:\/\/www.w3.org\/2000\/svg\" width=\"10px\" height=\"10px\" viewbox=\"0 0 24 24\" version=\"1.2\" baseprofile=\"tiny\"><path d=\"M18.2 9.3l-6.2-6.3-6.2 6.3c-.2.2-.3.4-.3.7s.1.5.3.7c.2.2.4.3.7.3h11c.3 0 .5-.1.7-.3.2-.2.3-.5.3-.7s-.1-.5-.3-.7zM5.8 14.7l6.2 6.3 6.2-6.3c.2-.2.3-.5.3-.7s-.1-.5-.3-.7c-.2-.2-.4-.3-.7-.3h-11c-.3 0-.5.1-.7.3-.2.2-.3.5-.3.7s.1.5.3.7z\"\/><\/svg><\/span><\/span><\/span><\/a><\/span><\/div>\n<nav><ul class='ez-toc-list ez-toc-list-level-1' ><ul class='ez-toc-list-level-5' ><li class='ez-toc-heading-level-5'><ul class='ez-toc-list-level-5' ><li class='ez-toc-heading-level-5'><ul class='ez-toc-list-level-5' ><li class='ez-toc-heading-level-5'><a class=\"ez-toc-link ez-toc-heading-1\" href=\"https:\/\/primegunseurope.com\/pl\/about-us\/#Best_AMMO_DEALS\" >Best AMMO DEALS<\/a><\/li><\/ul><\/li><li class='ez-toc-page-1 ez-toc-heading-level-4'><a class=\"ez-toc-link ez-toc-heading-2\" href=\"https:\/\/primegunseurope.com\/pl\/about-us\/#LEARN_MORE_ABOUT_US\" >LEARN MORE ABOUT US<\/a><\/li><\/ul><\/li><\/ul><\/li><li class='ez-toc-page-1 ez-toc-heading-level-2'><a class=\"ez-toc-link ez-toc-heading-3\" href=\"https:\/\/primegunseurope.com\/pl\/about-us\/#Looking_for_federal_firearms_license_dealers_Dont_look_any_further\" >Looking for federal firearms license dealers?\u00a0Don&#8217;t look any further!<\/a><\/li><li class='ez-toc-page-1 ez-toc-heading-level-2'><a class=\"ez-toc-link ez-toc-heading-4\" href=\"https:\/\/primegunseurope.com\/pl\/about-us\/#Our_Story\" >Our Story<\/a><\/li><\/ul><\/nav><\/div>\n<h5 class=\"elementor-heading-title elementor-size-default\"><span class=\"ez-toc-section\" id=\"Best_AMMO_DEALS\"><\/span>Best AMMO DEALS<span class=\"ez-toc-section-end\"><\/span><\/h5>\t\t\t\t<\/div>\n\t\t\t\t<\/div>\n\t\t\t\t<div class=\"elementor-element elementor-element-767eab19 elementor-widget elementor-widget-heading\" data-id=\"767eab19\" data-element_type=\"widget\" data-e-type=\"widget\" data-widget_type=\"heading.default\">\n\t\t\t\t<div class=\"elementor-widget-container\">\n\t\t\t\t\t<h4 class=\"elementor-heading-title elementor-size-default\"><span class=\"ez-toc-section\" id=\"LEARN_MORE_ABOUT_US\"><\/span>LEARN MORE ABOUT US<span class=\"ez-toc-section-end\"><\/span><\/h4>\t\t\t\t<\/div>\n\t\t\t\t<\/div>\n\t\t\t\t<div class=\"elementor-element elementor-element-7d2aebae elementor-widget__width-initial elementor-widget elementor-widget-text-editor\" data-id=\"7d2aebae\" data-element_type=\"widget\" data-e-type=\"widget\" data-widget_type=\"text-editor.default\">\n\t\t\t\t<div class=\"elementor-widget-container\">\n\t\t\t\t\t\t\t\t\t<div data-element_type=\"widget\" data-id=\"7fc5d3d\" data-widget_type=\"heading.default\"><h2><span class=\"ez-toc-section\" id=\"Looking_for_federal_firearms_license_dealers_Dont_look_any_further\"><\/span><span class=\"wordai-block rewrite-block enable-highlight\" data-id=\"1\">Looking for federal firearms license dealers?<\/span>\u00a0<span class=\"wordai-block rewrite-block enable-highlight\" data-id=\"4\">Don&#8217;t look any further!<\/span><span class=\"ez-toc-section-end\"><\/span><\/h2><\/div><div data-element_type=\"widget\" data-id=\"922ba4f\" data-widget_type=\"text-editor.default\"><p><span class=\"wordai-block rewrite-block enable-highlight\" data-id=\"9\">Prime Guns Europe is one of the federal license dealer in Europe that buys and sells firearms across Europe.<\/span>\u00a0<span class=\"wordai-block rewrite-block enable-highlight\" data-id=\"13\">We make direct sales and hold auctions on firearms for the public all\u00a0 across European Countries and cities.<\/span>\u00a0<span class=\"wordai-block rewrite-block enable-highlight\" data-id=\"10\">We hold auctions of government guns and auctions for private buyers.<\/span>\u00a0<span class=\"wordai-block rewrite-block enable-highlight\" data-id=\"14\">SSL was established in 2012 and are now SSL is a licensed federal firearms dealer which specializes in online firearms auctions.<\/span>\u00a0<span class=\"wordai-block rewrite-block enable-highlight\" data-id=\"12\">We offer many kinds of used firearms available for sale either directly or for auction and also firearm accessories.<\/span>\u00a0<span class=\"wordai-block rewrite-block enable-highlight\" data-id=\"20\">We have two separate locations in the facility of our company partner Repocast.com and are able to serve our customers need to sell or buy firearms.<\/span><\/p><\/div><div data-element_type=\"widget\" data-id=\"0bd0c34\" data-widget_type=\"heading.default\"><h2><span class=\"ez-toc-section\" id=\"Our_Story\"><\/span><span class=\"wordai-block rewrite-block enable-highlight\" data-id=\"3\">Our Story<\/span><span class=\"ez-toc-section-end\"><\/span><\/h2><\/div><div data-element_type=\"widget\" data-id=\"8eb5a83\" data-widget_type=\"text-editor.default\"><p><span class=\"wordai-block rewrite-block enable-highlight\" data-id=\"6\">Prime Guns Europe was founded in 2012 and is a part of the Miedema Companies umbrella.<\/span>\u00a0<span class=\"wordai-block rewrite-block enable-highlight\" data-id=\"18\">We are an online retailer that offers various firearms (modern firearms and guns handguns, antique military firearms, C&amp;R guns, class III weapons, and everything else in between).<\/span> Prime Guns Europe <span class=\"wordai-block rewrite-block enable-highlight\" data-id=\"21\">is a federal firearms licensee. We collaborate with both federal and local ATF departments to guarantee that firearm transactions are conducted in a legal and safe way, and in accordance in accordance with ATF regulations.<\/span>\u00a0<span class=\"wordai-block rewrite-block enable-highlight\" data-id=\"19\">Ammo Store Online also works with a variety of police departments in major countries in Europe, offering their confiscated firearms from the police at auctions for firearms by police to help bring funds back to departments.<\/span>\u00a0<span class=\"wordai-block rewrite-block enable-highlight\" data-id=\"15\">In the last year alone, SSL has raised over \u20ac500,000 for local authorities by selling confiscated police weapons to law-abiding citizens.<\/span>\u00a0<span class=\"wordai-block rewrite-block enable-highlight\" data-id=\"16\">We are determined to be the most reliable gun auction website online to offer our customers the most enjoyable buying or selling experience all around.<\/span><\/p><\/div><div data-element_type=\"widget\" data-id=\"16875f2\" data-widget_type=\"text-editor.default\"><p><span class=\"wordai-block rewrite-block enable-highlight\" data-id=\"22\">Additionally, in addition to Europe auctions of police and auctions of guns, Prime Guns Europe has sold numerous estates with many guns. We have also held numerous liquidations of gun shops that were completely closed and has overseen both antique and contemporary individual sales of firearms and also sold firearms for an EU bankruptcies court on a number of occasions.<\/span>\u00a0<span class=\"wordai-block rewrite-block enable-highlight\" data-id=\"17\">We usually organize Europe auctions of guns, and although the majority of our buyers reside located in Europe, we also have a substantial client base that is outside of the Europe.<\/span>\u00a0<span class=\"wordai-block rewrite-block enable-highlight\" data-id=\"7\">SSL has shipped and sold guns to more than 42 Countries!<\/span>\u00a0<span class=\"wordai-block rewrite-block enable-highlight\" data-id=\"11\">We are proud to take the care of our clients by providing excellent customer service and exact listing.<\/span>\u00a0<span class=\"wordai-block rewrite-block enable-highlight\" data-id=\"8\">We&#8217;d love to help you with your gun buying or selling requirements!<\/span>\u00a0<span class=\"wordai-block rewrite-block enable-highlight\" data-id=\"5\">Contact us now for assistance with your purchase.<\/span><\/p><\/div>\t\t\t\t\t\t\t\t<\/div>\n\t\t\t\t<\/div>\n\t\t\t\t\t<\/div>\n\t\t<\/div>\n\t\t\t\t\t<\/div>\n\t\t<\/section>\n\t\t\t\t<\/div>","protected":false},"excerpt":{"rendered":"<p>Best AMMO DEALS LEARN MORE ABOUT US Looking for federal firearms license dealers?\u00a0Don&#8217;t look any further! Prime Guns Europe is one of the federal license dealer in Europe that buys and sells firearms across Europe.\u00a0We make direct sales and hold auctions on firearms for the public all\u00a0 across European Countries and cities.\u00a0We hold auctions of [&hellip;]<\/p>\n","protected":false},"author":1,"featured_media":0,"parent":0,"menu_order":0,"comment_status":"closed","ping_status":"closed","template":"","meta":{"site-sidebar-layout":"no-sidebar","site-content-layout":"plain-container","ast-site-content-layout":"default","site-content-style":"default","site-sidebar-style":"default","ast-global-header-display":"","ast-banner-title-visibility":"","ast-main-header-display":"","ast-hfb-above-header-display":"","ast-hfb-below-header-display":"","ast-hfb-mobile-header-display":"","site-post-title":"disabled","ast-breadcrumbs-content":"","ast-featured-img":"disabled","footer-sml-layout":"","ast-disable-related-posts":"","theme-transparent-header-meta":"default","adv-header-id-meta":"","stick-header-meta":"default","header-above-stick-meta":"","header-main-stick-meta":"","header-below-stick-meta":"","astra-migrate-meta-layouts":"default","ast-page-background-enabled":"default","ast-page-background-meta":{"desktop":{"background-color":"var(--ast-global-color-4)","background-image":"","background-repeat":"repeat","background-position":"center center","background-size":"auto","background-attachment":"scroll","background-type":"","background-media":"","overlay-type":"","overlay-color":"","overlay-opacity":"","overlay-gradient":""},"tablet":{"background-color":"","background-image":"","background-repeat":"repeat","background-position":"center center","background-size":"auto","background-attachment":"scroll","background-type":"","background-media":"","overlay-type":"","overlay-color":"","overlay-opacity":"","overlay-gradient":""},"mobile":{"background-color":"","background-image":"","background-repeat":"repeat","background-position":"center center","background-size":"auto","background-attachment":"scroll","background-type":"","background-media":"","overlay-type":"","overlay-color":"","overlay-opacity":"","overlay-gradient":""}},"ast-content-background-meta":{"desktop":{"background-color":"var(--ast-global-color-5)","background-image":"","background-repeat":"repeat","background-position":"center center","background-size":"auto","background-attachment":"scroll","background-type":"","background-media":"","overlay-type":"","overlay-color":"","overlay-opacity":"","overlay-gradient":""},"tablet":{"background-color":"var(--ast-global-color-5)","background-image":"","background-repeat":"repeat","background-position":"center center","background-size":"auto","background-attachment":"scroll","background-type":"","background-media":"","overlay-type":"","overlay-color":"","overlay-opacity":"","overlay-gradient":""},"mobile":{"background-color":"var(--ast-global-color-5)","background-image":"","background-repeat":"repeat","background-position":"center center","background-size":"auto","background-attachment":"scroll","background-type":"","background-media":"","overlay-type":"","overlay-color":"","overlay-opacity":"","overlay-gradient":""}},"footnotes":""},"class_list":["post-4882","page","type-page","status-publish","hentry"],"_links":{"self":[{"href":"https:\/\/primegunseurope.com\/pl\/wp-json\/wp\/v2\/pages\/4882","targetHints":{"allow":["GET"]}}],"collection":[{"href":"https:\/\/primegunseurope.com\/pl\/wp-json\/wp\/v2\/pages"}],"about":[{"href":"https:\/\/primegunseurope.com\/pl\/wp-json\/wp\/v2\/types\/page"}],"author":[{"embeddable":true,"href":"https:\/\/primegunseurope.com\/pl\/wp-json\/wp\/v2\/users\/1"}],"replies":[{"embeddable":true,"href":"https:\/\/primegunseurope.com\/pl\/wp-json\/wp\/v2\/comments?post=4882"}],"version-history":[{"count":18,"href":"https:\/\/primegunseurope.com\/pl\/wp-json\/wp\/v2\/pages\/4882\/revisions"}],"predecessor-version":[{"id":9473,"href":"https:\/\/primegunseurope.com\/pl\/wp-json\/wp\/v2\/pages\/4882\/revisions\/9473"}],"wp:attachment":[{"href":"https:\/\/primegunseurope.com\/pl\/wp-json\/wp\/v2\/media?parent=4882"}],"curies":[{"name":"wp","href":"https:\/\/api.w.org\/{rel}","templated":true}]}}